{"id":5205,"date":"2024-05-01T09:47:04","date_gmt":"2024-05-01T16:47:04","guid":{"rendered":"https:\/\/dev.darsky.com\/dalton\/?page_id=5205"},"modified":"2024-05-01T09:47:05","modified_gmt":"2024-05-01T16:47:05","slug":"sarah-alfandari","status":"publish","type":"page","link":"https:\/\/dev.darsky.com\/dalton\/our-people\/marketing-and-client-service\/sarah-alfandari\/","title":{"rendered":"Sarah Alfandari"},"content":{"rendered":"<p>Ms. Alfandari is a Partner, Chief Executive Officer and President at Dalton Investments. Prior to joining Dalton Investments, Sarah was a Managing Partner with Longchamp Asset Management, a French asset management company which she co-founded in 2013. As head of the Non-Investments teams for over 7 years, Ms. Alfandari was notably in charge of business development which included a strategic partnership with Dalton Investments for the structuring and distribution of their investment expertise in UCITS formats. After starting her career in New York as sales analyst within Soci\u00e9t\u00e9 G\u00e9n\u00e9rale Corporate &amp; Investment Banking\u2019s Equity Derivatives division, Ms. Alfandari joined Morgan Stanley where she led the FundLogic Alternatives UCITS Platform\u2019s marketing team.<\/p>\n<p>Ms. Alfandari holds a master\u2019s degree in Business Administration from ESCP Business School with a major in Finance from which she graduated valedictorian and a bachelor\u2019s degree from Paris University Dauphine.<\/p>\n","protected":false},"excerpt":{"rendered":"<p>Ms. Alfandari is a Partner, Chief Executive Officer and President at Dalton Investments. Prior to joining Dalton Investments, Sarah was a Managing Partner with Longchamp Asset Management, a French asset management company which she co-founded in 2013. As head of \u2026<br \/><a class=\"read-more\" href=\"https:\/\/dev.darsky.com\/dalton\/our-people\/marketing-and-client-service\/sarah-alfandari\/\">read more &gt;<\/a><\/p>\n","protected":false},"author":2,"featured_media":4215,"parent":128,"menu_order":86,"comment_status":"closed","ping_status":"closed","template":"page-bio.php","meta":{"footnotes":"","_links_to":"","_links_to_target":""},"class_list":["post-5205","page","type-page","status-publish","has-post-thumbnail","hentry","wpautop"],"yoast_head":"<!-- This site is optimized with the Yoast SEO plugin v25.2 - https:\/\/yoast.com\/wordpress\/plugins\/seo\/ -->\n<title>Sarah Alfandari - Dalton Investments<\/title>\n<meta name=\"robots\" content=\"index, follow, max-snippet:-1, max-image-preview:large, max-video-preview:-1\" \/>\n<link rel=\"canonical\" href=\"https:\/\/dev.darsky.com\/dalton\/our-people\/marketing-and-client-service\/sarah-alfandari\/\" \/>\n<meta property=\"og:locale\" content=\"en_US\" \/>\n<meta property=\"og:type\" content=\"article\" \/>\n<meta property=\"og:title\" content=\"Sarah Alfandari - Dalton Investments\" \/>\n<meta property=\"og:description\" content=\"Ms. Alfandari is a Partner, Chief Executive Officer and President at Dalton Investments. Prior to joining Dalton Investments, Sarah was a Managing Partner with Longchamp Asset Management, a French asset management company which she co-founded in 2013. As head of \u2026read more &gt;\" \/>\n<meta property=\"og:url\" content=\"https:\/\/dev.darsky.com\/dalton\/our-people\/marketing-and-client-service\/sarah-alfandari\/\" \/>\n<meta property=\"og:site_name\" content=\"Dalton Investments\" \/>\n<meta property=\"article:modified_time\" content=\"2024-05-01T16:47:05+00:00\" \/>\n<meta property=\"og:image\" content=\"https:\/\/dev.darsky.com\/dalton\/wp-content\/uploads\/2023\/03\/019-MAGAZIN-Sarah-Alfandari_105-scaled.jpg\" \/>\n\t<meta property=\"og:image:width\" content=\"1707\" \/>\n\t<meta property=\"og:image:height\" content=\"2560\" \/>\n\t<meta property=\"og:image:type\" content=\"image\/jpeg\" \/>\n<meta name=\"twitter:card\" content=\"summary_large_image\" \/>\n<meta name=\"twitter:label1\" content=\"Est. reading time\" \/>\n\t<meta name=\"twitter:data1\" content=\"1 minute\" \/>\n<script type=\"application\/ld+json\" class=\"yoast-schema-graph\">{\"@context\":\"https:\/\/schema.org\",\"@graph\":[{\"@type\":\"WebPage\",\"@id\":\"https:\/\/dev.darsky.com\/dalton\/our-people\/marketing-and-client-service\/sarah-alfandari\/\",\"url\":\"https:\/\/dev.darsky.com\/dalton\/our-people\/marketing-and-client-service\/sarah-alfandari\/\",\"name\":\"Sarah Alfandari - Dalton Investments\",\"isPartOf\":{\"@id\":\"https:\/\/dev.darsky.com\/dalton\/#website\"},\"primaryImageOfPage\":{\"@id\":\"https:\/\/dev.darsky.com\/dalton\/our-people\/marketing-and-client-service\/sarah-alfandari\/#primaryimage\"},\"image\":{\"@id\":\"https:\/\/dev.darsky.com\/dalton\/our-people\/marketing-and-client-service\/sarah-alfandari\/#primaryimage\"},\"thumbnailUrl\":\"https:\/\/dev.darsky.com\/dalton\/wp-content\/uploads\/2023\/03\/019-MAGAZIN-Sarah-Alfandari_105-scaled.jpg\",\"datePublished\":\"2024-05-01T16:47:04+00:00\",\"dateModified\":\"2024-05-01T16:47:05+00:00\",\"breadcrumb\":{\"@id\":\"https:\/\/dev.darsky.com\/dalton\/our-people\/marketing-and-client-service\/sarah-alfandari\/#breadcrumb\"},\"inLanguage\":\"en-US\",\"potentialAction\":[{\"@type\":\"ReadAction\",\"target\":[\"https:\/\/dev.darsky.com\/dalton\/our-people\/marketing-and-client-service\/sarah-alfandari\/\"]}]},{\"@type\":\"ImageObject\",\"inLanguage\":\"en-US\",\"@id\":\"https:\/\/dev.darsky.com\/dalton\/our-people\/marketing-and-client-service\/sarah-alfandari\/#primaryimage\",\"url\":\"https:\/\/dev.darsky.com\/dalton\/wp-content\/uploads\/2023\/03\/019-MAGAZIN-Sarah-Alfandari_105-scaled.jpg\",\"contentUrl\":\"https:\/\/dev.darsky.com\/dalton\/wp-content\/uploads\/2023\/03\/019-MAGAZIN-Sarah-Alfandari_105-scaled.jpg\",\"width\":1707,\"height\":2560,\"caption\":\"Sarah Alfandari\"},{\"@type\":\"BreadcrumbList\",\"@id\":\"https:\/\/dev.darsky.com\/dalton\/our-people\/marketing-and-client-service\/sarah-alfandari\/#breadcrumb\",\"itemListElement\":[{\"@type\":\"ListItem\",\"position\":1,\"name\":\"Home\",\"item\":\"https:\/\/dev.darsky.com\/dalton\/\"},{\"@type\":\"ListItem\",\"position\":2,\"name\":\"Our People\",\"item\":\"https:\/\/dev.darsky.com\/dalton\/our-people\/\"},{\"@type\":\"ListItem\",\"position\":3,\"name\":\"Marketing &#038; Client Service\",\"item\":\"https:\/\/dev.darsky.com\/dalton\/our-people\/marketing-and-client-service\/\"},{\"@type\":\"ListItem\",\"position\":4,\"name\":\"Sarah Alfandari\"}]},{\"@type\":\"WebSite\",\"@id\":\"https:\/\/dev.darsky.com\/dalton\/#website\",\"url\":\"https:\/\/dev.darsky.com\/dalton\/\",\"name\":\"Dalton Investments\",\"description\":\"\",\"potentialAction\":[{\"@type\":\"SearchAction\",\"target\":{\"@type\":\"EntryPoint\",\"urlTemplate\":\"https:\/\/dev.darsky.com\/dalton\/?s={search_term_string}\"},\"query-input\":{\"@type\":\"PropertyValueSpecification\",\"valueRequired\":true,\"valueName\":\"search_term_string\"}}],\"inLanguage\":\"en-US\"}]}<\/script>\n<!-- \/ Yoast SEO plugin. -->","yoast_head_json":{"title":"Sarah Alfandari - Dalton Investments","robots":{"index":"index","follow":"follow","max-snippet":"max-snippet:-1","max-image-preview":"max-image-preview:large","max-video-preview":"max-video-preview:-1"},"canonical":"https:\/\/dev.darsky.com\/dalton\/our-people\/marketing-and-client-service\/sarah-alfandari\/","og_locale":"en_US","og_type":"article","og_title":"Sarah Alfandari - Dalton Investments","og_description":"Ms. Alfandari is a Partner, Chief Executive Officer and President at Dalton Investments. Prior to joining Dalton Investments, Sarah was a Managing Partner with Longchamp Asset Management, a French asset management company which she co-founded in 2013. As head of \u2026read more &gt;","og_url":"https:\/\/dev.darsky.com\/dalton\/our-people\/marketing-and-client-service\/sarah-alfandari\/","og_site_name":"Dalton Investments","article_modified_time":"2024-05-01T16:47:05+00:00","og_image":[{"width":1707,"height":2560,"url":"https:\/\/dev.darsky.com\/dalton\/wp-content\/uploads\/2023\/03\/019-MAGAZIN-Sarah-Alfandari_105-scaled.jpg","type":"image\/jpeg"}],"twitter_card":"summary_large_image","twitter_misc":{"Est. reading time":"1 minute"},"schema":{"@context":"https:\/\/schema.org","@graph":[{"@type":"WebPage","@id":"https:\/\/dev.darsky.com\/dalton\/our-people\/marketing-and-client-service\/sarah-alfandari\/","url":"https:\/\/dev.darsky.com\/dalton\/our-people\/marketing-and-client-service\/sarah-alfandari\/","name":"Sarah Alfandari - Dalton Investments","isPartOf":{"@id":"https:\/\/dev.darsky.com\/dalton\/#website"},"primaryImageOfPage":{"@id":"https:\/\/dev.darsky.com\/dalton\/our-people\/marketing-and-client-service\/sarah-alfandari\/#primaryimage"},"image":{"@id":"https:\/\/dev.darsky.com\/dalton\/our-people\/marketing-and-client-service\/sarah-alfandari\/#primaryimage"},"thumbnailUrl":"https:\/\/dev.darsky.com\/dalton\/wp-content\/uploads\/2023\/03\/019-MAGAZIN-Sarah-Alfandari_105-scaled.jpg","datePublished":"2024-05-01T16:47:04+00:00","dateModified":"2024-05-01T16:47:05+00:00","breadcrumb":{"@id":"https:\/\/dev.darsky.com\/dalton\/our-people\/marketing-and-client-service\/sarah-alfandari\/#breadcrumb"},"inLanguage":"en-US","potentialAction":[{"@type":"ReadAction","target":["https:\/\/dev.darsky.com\/dalton\/our-people\/marketing-and-client-service\/sarah-alfandari\/"]}]},{"@type":"ImageObject","inLanguage":"en-US","@id":"https:\/\/dev.darsky.com\/dalton\/our-people\/marketing-and-client-service\/sarah-alfandari\/#primaryimage","url":"https:\/\/dev.darsky.com\/dalton\/wp-content\/uploads\/2023\/03\/019-MAGAZIN-Sarah-Alfandari_105-scaled.jpg","contentUrl":"https:\/\/dev.darsky.com\/dalton\/wp-content\/uploads\/2023\/03\/019-MAGAZIN-Sarah-Alfandari_105-scaled.jpg","width":1707,"height":2560,"caption":"Sarah Alfandari"},{"@type":"BreadcrumbList","@id":"https:\/\/dev.darsky.com\/dalton\/our-people\/marketing-and-client-service\/sarah-alfandari\/#breadcrumb","itemListElement":[{"@type":"ListItem","position":1,"name":"Home","item":"https:\/\/dev.darsky.com\/dalton\/"},{"@type":"ListItem","position":2,"name":"Our People","item":"https:\/\/dev.darsky.com\/dalton\/our-people\/"},{"@type":"ListItem","position":3,"name":"Marketing &#038; Client Service","item":"https:\/\/dev.darsky.com\/dalton\/our-people\/marketing-and-client-service\/"},{"@type":"ListItem","position":4,"name":"Sarah Alfandari"}]},{"@type":"WebSite","@id":"https:\/\/dev.darsky.com\/dalton\/#website","url":"https:\/\/dev.darsky.com\/dalton\/","name":"Dalton Investments","description":"","potentialAction":[{"@type":"SearchAction","target":{"@type":"EntryPoint","urlTemplate":"https:\/\/dev.darsky.com\/dalton\/?s={search_term_string}"},"query-input":{"@type":"PropertyValueSpecification","valueRequired":true,"valueName":"search_term_string"}}],"inLanguage":"en-US"}]}},"_links":{"self":[{"href":"https:\/\/dev.darsky.com\/dalton\/wp-json\/wp\/v2\/pages\/5205","targetHints":{"allow":["GET"]}}],"collection":[{"href":"https:\/\/dev.darsky.com\/dalton\/wp-json\/wp\/v2\/pages"}],"about":[{"href":"https:\/\/dev.darsky.com\/dalton\/wp-json\/wp\/v2\/types\/page"}],"author":[{"embeddable":true,"href":"https:\/\/dev.darsky.com\/dalton\/wp-json\/wp\/v2\/users\/2"}],"replies":[{"embeddable":true,"href":"https:\/\/dev.darsky.com\/dalton\/wp-json\/wp\/v2\/comments?post=5205"}],"version-history":[{"count":0,"href":"https:\/\/dev.darsky.com\/dalton\/wp-json\/wp\/v2\/pages\/5205\/revisions"}],"up":[{"embeddable":true,"href":"https:\/\/dev.darsky.com\/dalton\/wp-json\/wp\/v2\/pages\/128"}],"wp:featuredmedia":[{"embeddable":true,"href":"https:\/\/dev.darsky.com\/dalton\/wp-json\/wp\/v2\/media\/4215"}],"wp:attachment":[{"href":"https:\/\/dev.darsky.com\/dalton\/wp-json\/wp\/v2\/media?parent=5205"}],"curies":[{"name":"wp","href":"https:\/\/api.w.org\/{rel}","templated":true}]}}